{"id":10,"date":"2012-03-01T13:03:55","date_gmt":"2012-03-01T13:03:55","guid":{"rendered":"http:\/\/ardanaz.concejos.animsa.es\/?page_id=10"},"modified":"2018-06-26T08:09:21","modified_gmt":"2018-06-26T06:09:21","slug":"telefonos","status":"publish","type":"page","link":"http:\/\/www.garaioa.es\/eu\/telefonos\/","title":{"rendered":"TELEFONOAK"},"content":{"rendered":"<p><\/p>\n<table>\n<tbody>\n<tr>\n<th id=\"nombre\">izena<\/th>\n<th id=\"telefono\">telefonoa<\/th>\n<th id=\"direccion\">beste\u00a0informazioa<\/th>\n<\/tr>\n<tr>\n<td headers=\"nombre\">Garaioako Udala<\/td>\n<td headers=\"telefono\">948 764042<\/td>\n<td headers=\"direccion\">Txikirr\u00edn kalea<\/td>\n<\/tr>\n<tr>\n<td headers=\"nombre\">Ibarretxea Gizarte Etxea<\/td>\n<td headers=\"telefono\">948 764462<\/td>\n<td headers=\"direccion\">Txikirr\u00edn kalea<\/td>\n<\/tr>\n<tr>\n<td headers=\"nombre\">Arostegui Ostatua<\/td>\n<td headers=\"telefono\">948 764044<\/td>\n<td headers=\"direccion\">www.hotelarostegui.com<\/td>\n<\/tr>\n<tr>\n<td headers=\"nombre\">Elizari Landa Etxea<\/td>\n<td headers=\"telefono\">948 764027<\/td>\n<td headers=\"direccion\">Txikirr\u00edn kalea<\/td>\n<\/tr>\n<tr>\n<td headers=\"nombre\">Lorea Ostatua<\/td>\n<td headers=\"telefono\">948 764027<\/td>\n<td headers=\"direccion\">Txikirr\u00edn kalea<\/td>\n<\/tr>\n<tr>\n<td headers=\"nombre\">Auritzeko Osasun Etxea<\/td>\n<td headers=\"telefono\">948 760300<\/td>\n<td headers=\"direccion\">Txikirr\u00edn kalea<\/td>\n<\/tr>\n<tr>\n<td headers=\"nombre\">R\u00edo Irati Autobusak<\/td>\n<td headers=\"telefono\">948 303570<\/td>\n<td headers=\"direccion\"><\/td>\n<\/tr>\n<tr>\n<td headers=\"nombre\">La Monta\u00f1esa Autobusak<\/td>\n<td headers=\"telefono\">948 303570<\/td>\n<td headers=\"direccion\"><\/td>\n<\/tr>\n<tr>\n<td headers=\"nombre\">Taxiak. Garralda<\/td>\n<td headers=\"telefono\">948 764058<\/td>\n<td headers=\"direccion\">Garralda<\/td>\n<\/tr>\n<tr>\n<td headers=\"nombre\">Taxiak. Jaurrieta<\/td>\n<td headers=\"telefono\">948 890294<\/td>\n<td headers=\"direccion\">Jaurrieta<\/td>\n<\/tr>\n<tr>\n<td headers=\"nombre\">Taxiak. Mezkiritz<\/td>\n<td headers=\"telefono\">609 436226<\/td>\n<td headers=\"direccion\">Mezkiritz<\/td>\n<\/tr>\n<tr>\n<td headers=\"nombre\">Iriarte Tailer mekanikoa<\/td>\n<td headers=\"telefono\">948 764120<\/td>\n<td headers=\"direccion\">Aribe<\/td>\n<\/tr>\n<tr>\n<td headers=\"nombre\">Nafarroako Pirinioko Partzuergo Turistikoa<\/td>\n<td headers=\"telefono\">948 764320<\/td>\n<td headers=\"direccion\">Aribe<\/td>\n<\/tr>\n<tr>\n<td headers=\"nombre\">Botika<\/td>\n<td headers=\"telefono\">948 764209<\/td>\n<td headers=\"direccion\">Aribe<\/td>\n<\/tr>\n<\/tbody>\n<\/table>\n<p><\/p>","protected":false},"excerpt":{"rendered":"<p>izena telefonoa beste\u00a0informazioa Garaioako Udala 948 764042 Txikirr\u00edn kalea Ibarretxea Gizarte Etxea 948 764462 Txikirr\u00edn kalea Arostegui Ostatua 948 764044 www.hotelarostegui.com Elizari Landa Etxea 948 764027 Txikirr\u00edn kalea Lorea Ostatua 948 764027 Txikirr\u00edn kalea Auritzeko Osasun Etxea 948 760300 Txikirr\u00edn&hellip; <\/p>\n","protected":false},"author":2,"featured_media":0,"parent":0,"menu_order":3,"comment_status":"closed","ping_status":"closed","template":"","meta":{"_monsterinsights_skip_tracking":false,"_monsterinsights_sitenote_active":false,"_monsterinsights_sitenote_note":"","_monsterinsights_sitenote_category":0,"footnotes":""},"class_list":["post-10","page","type-page","status-publish","hentry"],"yoast_head":"<!-- This site is optimized with the Yoast SEO plugin v26.8 - https:\/\/yoast.com\/product\/yoast-seo-wordpress\/ -->\r\n<title>TELEFONOAK - Garaioako Udala<\/title>\r\n<meta name=\"robots\" content=\"index, follow, max-snippet:-1, max-image-preview:large, max-video-preview:-1\" \/>\r\n<link rel=\"canonical\" href=\"http:\/\/www.garaioa.es\/telefonos\/\" \/>\r\n<meta property=\"og:locale\" content=\"eu_ES\" \/>\r\n<meta property=\"og:type\" content=\"article\" \/>\r\n<meta property=\"og:title\" content=\"[:es]TEL\u00c9FONOS[:eu]TELEFONOAK[:] - Garaioako Udala\" \/>\r\n<meta property=\"og:description\" content=\"izena telefonoa beste\u00a0informazioa Garaioako Udala 948 764042 Txikirr\u00edn kalea Ibarretxea Gizarte Etxea 948 764462 Txikirr\u00edn kalea Arostegui Ostatua 948 764044 www.hotelarostegui.com Elizari Landa Etxea 948 764027 Txikirr\u00edn kalea Lorea Ostatua 948 764027 Txikirr\u00edn kalea Auritzeko Osasun Etxea 948 760300 Txikirr\u00edn&hellip;\" \/>\r\n<meta property=\"og:url\" content=\"http:\/\/www.garaioa.es\/telefonos\/\" \/>\r\n<meta property=\"og:site_name\" content=\"Garaioako Udala\" \/>\r\n<meta property=\"article:modified_time\" content=\"2018-06-26T06:09:21+00:00\" \/>\r\n<meta property=\"og:image\" content=\"http:\/\/www.garaioa.es\/wp-content\/uploads\/sites\/83\/2012\/03\/HorarioCM-300x214.jpg\" \/>\r\n<meta name=\"twitter:card\" content=\"summary_large_image\" \/>\r\n<meta name=\"twitter:label1\" content=\"Est. reading time\" \/>\n\t<meta name=\"twitter:data1\" content=\"1 minute\" \/>\r\n<script type=\"application\/ld+json\" class=\"yoast-schema-graph\">{\"@context\":\"https:\/\/schema.org\",\"@graph\":[{\"@type\":\"WebPage\",\"@id\":\"http:\/\/www.garaioa.es\/telefonos\/\",\"url\":\"http:\/\/www.garaioa.es\/telefonos\/\",\"name\":\"[:es]TEL\u00c9FONOS[:eu]TELEFONOAK[:] - Garaioako Udala\",\"isPartOf\":{\"@id\":\"http:\/\/www.garaioa.es\/eu\/#website\"},\"primaryImageOfPage\":{\"@id\":\"http:\/\/www.garaioa.es\/telefonos\/#primaryimage\"},\"image\":{\"@id\":\"http:\/\/www.garaioa.es\/telefonos\/#primaryimage\"},\"thumbnailUrl\":\"http:\/\/www.garaioa.es\/wp-content\/uploads\/sites\/83\/2012\/03\/HorarioCM-300x214.jpg\",\"datePublished\":\"2012-03-01T13:03:55+00:00\",\"dateModified\":\"2018-06-26T06:09:21+00:00\",\"breadcrumb\":{\"@id\":\"http:\/\/www.garaioa.es\/telefonos\/#breadcrumb\"},\"inLanguage\":\"eu-ES\",\"potentialAction\":[{\"@type\":\"ReadAction\",\"target\":[\"http:\/\/www.garaioa.es\/telefonos\/\"]}]},{\"@type\":\"ImageObject\",\"inLanguage\":\"eu-ES\",\"@id\":\"http:\/\/www.garaioa.es\/telefonos\/#primaryimage\",\"url\":\"http:\/\/www.garaioa.es\/wp-content\/uploads\/sites\/83\/2012\/03\/HorarioCM-300x214.jpg\",\"contentUrl\":\"http:\/\/www.garaioa.es\/wp-content\/uploads\/sites\/83\/2012\/03\/HorarioCM-300x214.jpg\"},{\"@type\":\"BreadcrumbList\",\"@id\":\"http:\/\/www.garaioa.es\/telefonos\/#breadcrumb\",\"itemListElement\":[{\"@type\":\"ListItem\",\"position\":1,\"name\":\"Portada\",\"item\":\"http:\/\/www.garaioa.es\/eu\/\"},{\"@type\":\"ListItem\",\"position\":2,\"name\":\"TEL\u00c9FONOS\"}]},{\"@type\":\"WebSite\",\"@id\":\"http:\/\/www.garaioa.es\/eu\/#website\",\"url\":\"http:\/\/www.garaioa.es\/eu\/\",\"name\":\"Garaioako Udala\",\"description\":\"Garaioako Udala\",\"potentialAction\":[{\"@type\":\"SearchAction\",\"target\":{\"@type\":\"EntryPoint\",\"urlTemplate\":\"http:\/\/www.garaioa.es\/eu\/?s={search_term_string}\"},\"query-input\":{\"@type\":\"PropertyValueSpecification\",\"valueRequired\":true,\"valueName\":\"search_term_string\"}}],\"inLanguage\":\"eu-ES\"}]}<\/script>\r\n<!-- \/ Yoast SEO plugin. -->","yoast_head_json":{"title":"[:es]TEL\u00c9FONOS[:eu]TELEFONOAK[:] - Garaioako Udala","robots":{"index":"index","follow":"follow","max-snippet":"max-snippet:-1","max-image-preview":"max-image-preview:large","max-video-preview":"max-video-preview:-1"},"canonical":"http:\/\/www.garaioa.es\/telefonos\/","og_locale":"eu_ES","og_type":"article","og_title":"[:es]TEL\u00c9FONOS[:eu]TELEFONOAK[:] - Garaioako Udala","og_description":"izena telefonoa beste\u00a0informazioa Garaioako Udala 948 764042 Txikirr\u00edn kalea Ibarretxea Gizarte Etxea 948 764462 Txikirr\u00edn kalea Arostegui Ostatua 948 764044 www.hotelarostegui.com Elizari Landa Etxea 948 764027 Txikirr\u00edn kalea Lorea Ostatua 948 764027 Txikirr\u00edn kalea Auritzeko Osasun Etxea 948 760300 Txikirr\u00edn&hellip;","og_url":"http:\/\/www.garaioa.es\/telefonos\/","og_site_name":"Garaioako Udala","article_modified_time":"2018-06-26T06:09:21+00:00","og_image":[{"url":"http:\/\/www.garaioa.es\/wp-content\/uploads\/sites\/83\/2012\/03\/HorarioCM-300x214.jpg","type":"","width":"","height":""}],"twitter_card":"summary_large_image","twitter_misc":{"Est. reading time":"1 minute"},"schema":{"@context":"https:\/\/schema.org","@graph":[{"@type":"WebPage","@id":"http:\/\/www.garaioa.es\/telefonos\/","url":"http:\/\/www.garaioa.es\/telefonos\/","name":"[:es]TEL\u00c9FONOS[:eu]TELEFONOAK[:] - Garaioako Udala","isPartOf":{"@id":"http:\/\/www.garaioa.es\/eu\/#website"},"primaryImageOfPage":{"@id":"http:\/\/www.garaioa.es\/telefonos\/#primaryimage"},"image":{"@id":"http:\/\/www.garaioa.es\/telefonos\/#primaryimage"},"thumbnailUrl":"http:\/\/www.garaioa.es\/wp-content\/uploads\/sites\/83\/2012\/03\/HorarioCM-300x214.jpg","datePublished":"2012-03-01T13:03:55+00:00","dateModified":"2018-06-26T06:09:21+00:00","breadcrumb":{"@id":"http:\/\/www.garaioa.es\/telefonos\/#breadcrumb"},"inLanguage":"eu-ES","potentialAction":[{"@type":"ReadAction","target":["http:\/\/www.garaioa.es\/telefonos\/"]}]},{"@type":"ImageObject","inLanguage":"eu-ES","@id":"http:\/\/www.garaioa.es\/telefonos\/#primaryimage","url":"http:\/\/www.garaioa.es\/wp-content\/uploads\/sites\/83\/2012\/03\/HorarioCM-300x214.jpg","contentUrl":"http:\/\/www.garaioa.es\/wp-content\/uploads\/sites\/83\/2012\/03\/HorarioCM-300x214.jpg"},{"@type":"BreadcrumbList","@id":"http:\/\/www.garaioa.es\/telefonos\/#breadcrumb","itemListElement":[{"@type":"ListItem","position":1,"name":"Portada","item":"http:\/\/www.garaioa.es\/eu\/"},{"@type":"ListItem","position":2,"name":"TEL\u00c9FONOS"}]},{"@type":"WebSite","@id":"http:\/\/www.garaioa.es\/eu\/#website","url":"http:\/\/www.garaioa.es\/eu\/","name":"Garaioako Udala","description":"Garaioako Udala","potentialAction":[{"@type":"SearchAction","target":{"@type":"EntryPoint","urlTemplate":"http:\/\/www.garaioa.es\/eu\/?s={search_term_string}"},"query-input":{"@type":"PropertyValueSpecification","valueRequired":true,"valueName":"search_term_string"}}],"inLanguage":"eu-ES"}]}},"_links":{"self":[{"href":"http:\/\/www.garaioa.es\/eu\/wp-json\/wp\/v2\/pages\/10","targetHints":{"allow":["GET"]}}],"collection":[{"href":"http:\/\/www.garaioa.es\/eu\/wp-json\/wp\/v2\/pages"}],"about":[{"href":"http:\/\/www.garaioa.es\/eu\/wp-json\/wp\/v2\/types\/page"}],"author":[{"embeddable":true,"href":"http:\/\/www.garaioa.es\/eu\/wp-json\/wp\/v2\/users\/2"}],"replies":[{"embeddable":true,"href":"http:\/\/www.garaioa.es\/eu\/wp-json\/wp\/v2\/comments?post=10"}],"version-history":[{"count":2,"href":"http:\/\/www.garaioa.es\/eu\/wp-json\/wp\/v2\/pages\/10\/revisions"}],"predecessor-version":[{"id":7322,"href":"http:\/\/www.garaioa.es\/eu\/wp-json\/wp\/v2\/pages\/10\/revisions\/7322"}],"wp:attachment":[{"href":"http:\/\/www.garaioa.es\/eu\/wp-json\/wp\/v2\/media?parent=10"}],"curies":[{"name":"wp","href":"https:\/\/api.w.org\/{rel}","templated":true}]}}